{"id":402,"date":"2026-01-07T17:17:32","date_gmt":"2026-01-07T17:17:32","guid":{"rendered":"https:\/\/manorhouse.shop\/offerings\/"},"modified":"2026-02-08T07:03:06","modified_gmt":"2026-02-08T07:03:06","slug":"offerings","status":"publish","type":"page","link":"https:\/\/manorhouse.shop\/en\/offerings\/","title":{"rendered":"Portfolio"},"content":{"rendered":"<div data-elementor-type=\"wp-page\" data-elementor-id=\"402\" class=\"elementor elementor-402\">\n\t\t\t\t<div class=\"elementor-element elementor-element-7af037a e-flex e-con-boxed e-con e-parent\" data-id=\"7af037a\" data-element_type=\"container\">\n\t\t\t\t\t<div class=\"e-con-inner\">\n\t\t\t\t<div class=\"elementor-element elementor-element-66a18af elementor-widget elementor-widget-spacer\" data-id=\"66a18af\" data-element_type=\"widget\" data-widget_type=\"spacer.default\">\n\t\t\t\t\t\t\t<div class=\"elementor-spacer\">\n\t\t\t<div class=\"elementor-spacer-inner\"><\/div>\n\t\t<\/div>\n\t\t\t\t\t\t<\/div>\n\t\t\t\t\t<\/div>\n\t\t\t\t<\/div>\n\t\t<div class=\"elementor-element elementor-element-01a870f e-flex e-con-boxed e-con e-parent\" data-id=\"01a870f\" data-element_type=\"container\">\n\t\t\t\t\t<div class=\"e-con-inner\">\n\t\t\t\t<div class=\"elementor-element elementor-element-f21fbe8 elementor-widget-divider--view-line elementor-widget elementor-widget-divider\" data-id=\"f21fbe8\" data-element_type=\"widget\" data-widget_type=\"divider.default\">\n\t\t\t\t\t\t\t<div class=\"elementor-divider\">\n\t\t\t<span class=\"elementor-divider-separator\">\n\t\t\t\t\t\t<\/span>\n\t\t<\/div>\n\t\t\t\t\t\t<\/div>\n\t\t\t\t<div class=\"elementor-element elementor-element-39bcb7c elementor-widget elementor-widget-heading\" data-id=\"39bcb7c\" data-element_type=\"widget\" data-widget_type=\"heading.default\">\n\t\t\t\t\t<h2 class=\"elementor-heading-title elementor-size-default\">Zapraszam do obejrzenia galerii moich realizacji, mo\u017ce znajdziesz inspiracj\u0119 do w\u0142asnych projekt\u00f3w.<\/h2>\t\t\t\t<\/div>\n\t\t\t\t<div class=\"elementor-element elementor-element-ab05186 elementor-widget elementor-widget-spacer\" data-id=\"ab05186\" data-element_type=\"widget\" data-widget_type=\"spacer.default\">\n\t\t\t\t\t\t\t<div class=\"elementor-spacer\">\n\t\t\t<div class=\"elementor-spacer-inner\"><\/div>\n\t\t<\/div>\n\t\t\t\t\t\t<\/div>\n\t\t\t\t\t<\/div>\n\t\t\t\t<\/div>\n\t\t<div class=\"elementor-element elementor-element-892bba9 e-flex e-con-boxed e-con e-parent\" data-id=\"892bba9\" data-element_type=\"container\">\n\t\t\t\t\t<div class=\"e-con-inner\">\n\t\t\t\t<div class=\"elementor-element elementor-element-e34ce79 gallery-spacing-custom elementor-widget elementor-widget-image-gallery\" data-id=\"e34ce79\" data-element_type=\"widget\" data-widget_type=\"image-gallery.default\">\n\t\t\t\t\t\t\t<div class=\"elementor-image-gallery\">\n\t\t\t<div id='gallery-1' class='gallery galleryid-402 gallery-columns-3 gallery-size-medium'><figure class='gallery-item'>\n\t\t\t<div class='gallery-icon landscape'>\n\t\t\t\t<a data-elementor-open-lightbox=\"yes\" data-elementor-lightbox-slideshow=\"e34ce79\" data-elementor-lightbox-title=\"IMG_20260118_144604466\" data-e-action-hash=\"#elementor-action%3Aaction%3Dlightbox%26settings%3DeyJpZCI6NjMxLCJ1cmwiOiJodHRwczpcL1wvbWFub3Job3VzZS5zaG9wXC93cC1jb250ZW50XC91cGxvYWRzXC8yMDI2XC8wMVwvSU1HXzIwMjYwMTE4XzE0NDYwNDQ2Ni1zY2FsZWQuanBnIiwic2xpZGVzaG93IjoiZTM0Y2U3OSJ9\" href='https:\/\/manorhouse.shop\/wp-content\/uploads\/2026\/01\/IMG_20260118_144604466-scaled.jpg'><img fetchpriority=\"high\" decoding=\"async\" width=\"300\" height=\"248\" src=\"https:\/\/manorhouse.shop\/wp-content\/uploads\/2026\/01\/IMG_20260118_144604466-300x248.jpg\" class=\"attachment-medium size-medium\" alt=\"\" srcset=\"https:\/\/manorhouse.shop\/wp-content\/uploads\/2026\/01\/IMG_20260118_144604466-300x248.jpg 300w, https:\/\/manorhouse.shop\/wp-content\/uploads\/2026\/01\/IMG_20260118_144604466-1024x847.jpg 1024w, https:\/\/manorhouse.shop\/wp-content\/uploads\/2026\/01\/IMG_20260118_144604466-768x635.jpg 768w, https:\/\/manorhouse.shop\/wp-content\/uploads\/2026\/01\/IMG_20260118_144604466-1536x1270.jpg 1536w, https:\/\/manorhouse.shop\/wp-content\/uploads\/2026\/01\/IMG_20260118_144604466-2048x1694.jpg 2048w\" sizes=\"(max-width: 300px) 100vw, 300px\" \/><\/a>\n\t\t\t<\/div><\/figure><figure class='gallery-item'>\n\t\t\t<div class='gallery-icon portrait'>\n\t\t\t\t<a data-elementor-open-lightbox=\"yes\" data-elementor-lightbox-slideshow=\"e34ce79\" data-elementor-lightbox-title=\"IMG_20260118_144919247\" data-e-action-hash=\"#elementor-action%3Aaction%3Dlightbox%26settings%3DeyJpZCI6Njc0LCJ1cmwiOiJodHRwczpcL1wvbWFub3Job3VzZS5zaG9wXC93cC1jb250ZW50XC91cGxvYWRzXC8yMDI2XC8wMlwvSU1HXzIwMjYwMTE4XzE0NDkxOTI0Ny1zY2FsZWQuanBnIiwic2xpZGVzaG93IjoiZTM0Y2U3OSJ9\" href='https:\/\/manorhouse.shop\/wp-content\/uploads\/2026\/02\/IMG_20260118_144919247-scaled.jpg'><img decoding=\"async\" width=\"191\" height=\"300\" src=\"https:\/\/manorhouse.shop\/wp-content\/uploads\/2026\/02\/IMG_20260118_144919247-191x300.jpg\" class=\"attachment-medium size-medium\" alt=\"\" srcset=\"https:\/\/manorhouse.shop\/wp-content\/uploads\/2026\/02\/IMG_20260118_144919247-191x300.jpg 191w, https:\/\/manorhouse.shop\/wp-content\/uploads\/2026\/02\/IMG_20260118_144919247-650x1024.jpg 650w, https:\/\/manorhouse.shop\/wp-content\/uploads\/2026\/02\/IMG_20260118_144919247-768x1209.jpg 768w, https:\/\/manorhouse.shop\/wp-content\/uploads\/2026\/02\/IMG_20260118_144919247-975x1536.jpg 975w, https:\/\/manorhouse.shop\/wp-content\/uploads\/2026\/02\/IMG_20260118_144919247-1301x2048.jpg 1301w, https:\/\/manorhouse.shop\/wp-content\/uploads\/2026\/02\/IMG_20260118_144919247-scaled.jpg 1626w\" sizes=\"(max-width: 191px) 100vw, 191px\" \/><\/a>\n\t\t\t<\/div><\/figure>\n\t\t<\/div>\n\t\t<\/div>\n\t\t\t\t\t\t<\/div>\n\t\t\t\t\t<\/div>\n\t\t\t\t<\/div>\n\t\t\t\t<\/div>","protected":false},"excerpt":{"rendered":"<p>Zapraszam do obejrzenia galerii moich realizacji, mo\u017ce znajdziesz inspiracj\u0119 do w\u0142asnych projekt\u00f3w.<\/p>","protected":false},"author":1,"featured_media":0,"parent":0,"menu_order":0,"comment_status":"closed","ping_status":"closed","template":"","meta":{"site-sidebar-layout":"no-sidebar","site-content-layout":"","ast-site-content-layout":"full-width-container","site-content-style":"default","site-sidebar-style":"default","ast-global-header-display":"","ast-banner-title-visibility":"","ast-main-header-display":"","ast-hfb-above-header-display":"","ast-hfb-below-header-display":"","ast-hfb-mobile-header-display":"","site-post-title":"disabled","ast-breadcrumbs-content":"","ast-featured-img":"disabled","footer-sml-layout":"","ast-disable-related-posts":"","theme-transparent-header-meta":"enabled","adv-header-id-meta":"","stick-header-meta":"","header-above-stick-meta":"","header-main-stick-meta":"","header-below-stick-meta":"","astra-migrate-meta-layouts":"default","ast-page-background-enabled":"default","ast-page-background-meta":{"desktop":{"background-color":"var(--ast-global-color-5)","background-image":"","background-repeat":"repeat","background-position":"center center","background-size":"auto","background-attachment":"scroll","background-type":"","background-media":"","overlay-type":"","overlay-color":"","overlay-opacity":"","overlay-gradient":""},"tablet":{"background-color":"","background-image":"","background-repeat":"repeat","background-position":"center center","background-size":"auto","background-attachment":"scroll","background-type":"","background-media":"","overlay-type":"","overlay-color":"","overlay-opacity":"","overlay-gradient":""},"mobile":{"background-color":"","background-image":"","background-repeat":"repeat","background-position":"center center","background-size":"auto","background-attachment":"scroll","background-type":"","background-media":"","overlay-type":"","overlay-color":"","overlay-opacity":"","overlay-gradient":""}},"ast-content-background-meta":{"desktop":{"background-color":"var(--ast-global-color-4)","background-image":"","background-repeat":"repeat","background-position":"center center","background-size":"auto","background-attachment":"scroll","background-type":"","background-media":"","overlay-type":"","overlay-color":"","overlay-opacity":"","overlay-gradient":""},"tablet":{"background-color":"var(--ast-global-color-4)","background-image":"","background-repeat":"repeat","background-position":"center center","background-size":"auto","background-attachment":"scroll","background-type":"","background-media":"","overlay-type":"","overlay-color":"","overlay-opacity":"","overlay-gradient":""},"mobile":{"background-color":"var(--ast-global-color-4)","background-image":"","background-repeat":"repeat","background-position":"center center","background-size":"auto","background-attachment":"scroll","background-type":"","background-media":"","overlay-type":"","overlay-color":"","overlay-opacity":"","overlay-gradient":""}},"footnotes":""},"class_list":["post-402","page","type-page","status-publish","hentry"],"_links":{"self":[{"href":"https:\/\/manorhouse.shop\/en\/wp-json\/wp\/v2\/pages\/402","targetHints":{"allow":["GET"]}}],"collection":[{"href":"https:\/\/manorhouse.shop\/en\/wp-json\/wp\/v2\/pages"}],"about":[{"href":"https:\/\/manorhouse.shop\/en\/wp-json\/wp\/v2\/types\/page"}],"author":[{"embeddable":true,"href":"https:\/\/manorhouse.shop\/en\/wp-json\/wp\/v2\/users\/1"}],"replies":[{"embeddable":true,"href":"https:\/\/manorhouse.shop\/en\/wp-json\/wp\/v2\/comments?post=402"}],"version-history":[{"count":17,"href":"https:\/\/manorhouse.shop\/en\/wp-json\/wp\/v2\/pages\/402\/revisions"}],"predecessor-version":[{"id":677,"href":"https:\/\/manorhouse.shop\/en\/wp-json\/wp\/v2\/pages\/402\/revisions\/677"}],"wp:attachment":[{"href":"https:\/\/manorhouse.shop\/en\/wp-json\/wp\/v2\/media?parent=402"}],"curies":[{"name":"wp","href":"https:\/\/api.w.org\/{rel}","templated":true}]}}