{"id":401,"date":"2026-01-07T17:17:32","date_gmt":"2026-01-07T17:17:32","guid":{"rendered":"https:\/\/manorhouse.shop\/about\/"},"modified":"2026-03-13T13:42:42","modified_gmt":"2026-03-13T13:42:42","slug":"about","status":"publish","type":"page","link":"https:\/\/manorhouse.shop\/en\/about\/","title":{"rendered":"About"},"content":{"rendered":"<div data-elementor-type=\"wp-page\" data-elementor-id=\"401\" class=\"elementor elementor-401\">\n\t\t\t\t<div class=\"elementor-element elementor-element-0a3f1cd e-flex e-con-boxed e-con e-parent\" data-id=\"0a3f1cd\" data-element_type=\"container\">\n\t\t\t\t\t<div class=\"e-con-inner\">\n\t\t\t\t<div class=\"elementor-element elementor-element-e0ecc10 elementor-widget elementor-widget-spacer\" data-id=\"e0ecc10\" data-element_type=\"widget\" data-widget_type=\"spacer.default\">\n\t\t\t\t\t\t\t<div class=\"elementor-spacer\">\n\t\t\t<div class=\"elementor-spacer-inner\"><\/div>\n\t\t<\/div>\n\t\t\t\t\t\t<\/div>\n\t\t\t\t<div class=\"elementor-element elementor-element-3ea652a elementor-widget-divider--view-line elementor-widget elementor-widget-divider\" data-id=\"3ea652a\" data-element_type=\"widget\" data-widget_type=\"divider.default\">\n\t\t\t\t\t\t\t<div class=\"elementor-divider\">\n\t\t\t<span class=\"elementor-divider-separator\">\n\t\t\t\t\t\t<\/span>\n\t\t<\/div>\n\t\t\t\t\t\t<\/div>\n\t\t\t\t<div class=\"elementor-element elementor-element-6c1ede8 elementor-widget elementor-widget-hfe-infocard\" data-id=\"6c1ede8\" data-element_type=\"widget\" data-widget_type=\"hfe-infocard.default\">\n\t\t\t\t<div class=\"elementor-widget-container\">\n\t\t\t\t\t\n\t\t<div class=\"hfe-infocard\">\n\t\t\t\t\t\t\t\t\t<div class=\"hfe-infocard-title-wrap\">\n\t\t\t\t<h1 class=\"hfe-infocard-title elementor-inline-editing\" data-elementor-setting-key=\"infocard_title\" data-elementor-inline-editing-toolbar=\"basic\" >Discover the elegance of craftsmanship at Manor House.<\/h1>\t\t\t<\/div>\n\t\t\t\t\t\t<div class=\"hfe-infocard-text-wrap\">\n\t\t\t\t<div class=\"hfe-infocard-text elementor-inline-editing\" data-elementor-setting-key=\"infocard_description\" data-elementor-inline-editing-toolbar=\"advanced\">\n\t\t\t\t\tAt Manor House, we create unique decorations inspired by the style of noble manor houses, blending a passion for decoupage with the elegance of English and American estates.\t\t\t\t<\/div>\n\t\t\t\t\t\t\t<\/div>\n\t\t<\/div>\n\n\t\t\t\t\t\t<\/div>\n\t\t\t\t<\/div>\n\t\t\t\t<div class=\"elementor-element elementor-element-e53cc9d elementor-widget elementor-widget-image\" data-id=\"e53cc9d\" data-element_type=\"widget\" data-widget_type=\"image.default\">\n\t\t\t\t\t\t\t\t\t\t\t\t\t\t\t<img fetchpriority=\"high\" decoding=\"async\" width=\"1024\" height=\"369\" src=\"https:\/\/manorhouse.shop\/wp-content\/uploads\/2026\/01\/Gemini_Generated_Image_eved3eeved3eeved-e1769779034189-1024x369.png\" class=\"attachment-large size-large wp-image-616\" alt=\"\" srcset=\"https:\/\/manorhouse.shop\/wp-content\/uploads\/2026\/01\/Gemini_Generated_Image_eved3eeved3eeved-e1769779034189-1024x369.png 1024w, https:\/\/manorhouse.shop\/wp-content\/uploads\/2026\/01\/Gemini_Generated_Image_eved3eeved3eeved-e1769779034189-300x108.png 300w, https:\/\/manorhouse.shop\/wp-content\/uploads\/2026\/01\/Gemini_Generated_Image_eved3eeved3eeved-e1769779034189-768x277.png 768w, https:\/\/manorhouse.shop\/wp-content\/uploads\/2026\/01\/Gemini_Generated_Image_eved3eeved3eeved-e1769779034189.png 1408w\" sizes=\"(max-width: 1024px) 100vw, 1024px\" \/>\t\t\t\t\t\t\t\t\t\t\t\t\t\t\t<\/div>\n\t\t\t\t\t<\/div>\n\t\t\t\t<\/div>\n\t\t<div class=\"elementor-element elementor-element-eacc5bb e-flex e-con-boxed e-con e-parent\" data-id=\"eacc5bb\" data-element_type=\"container\">\n\t\t\t\t\t<div class=\"e-con-inner\">\n\t\t<div class=\"elementor-element elementor-element-96656da e-con-full e-flex e-con e-child\" data-id=\"96656da\" data-element_type=\"container\">\n\t\t\t\t<div class=\"elementor-element elementor-element-3052a89 elementor-widget elementor-widget-hfe-infocard\" data-id=\"3052a89\" data-element_type=\"widget\" data-widget_type=\"hfe-infocard.default\">\n\t\t\t\t<div class=\"elementor-widget-container\">\n\t\t\t\t\t\n\t\t<div class=\"hfe-infocard\">\n\t\t\t\t\t\t\t\t\t<div class=\"hfe-infocard-title-wrap\">\n\t\t\t\t<h2 class=\"hfe-infocard-title elementor-inline-editing\" data-elementor-setting-key=\"infocard_title\" data-elementor-inline-editing-toolbar=\"basic\" >Passion and tradition in every detail.<\/h2>\t\t\t<\/div>\n\t\t\t\t\t\t<div class=\"hfe-infocard-text-wrap\">\n\t\t\t\t<div class=\"hfe-infocard-text elementor-inline-editing\" data-elementor-setting-key=\"infocard_description\" data-elementor-inline-editing-toolbar=\"advanced\">\n\t\t\t\t\tCreated with a love for heritage and care for every detail, our works are designed to bring elegance into your home.\t\t\t\t<\/div>\n\t\t\t\t\t\t\t<\/div>\n\t\t<\/div>\n\n\t\t\t\t\t\t<\/div>\n\t\t\t\t<\/div>\n\t\t\t\t<\/div>\n\t\t<div class=\"elementor-element elementor-element-6d1d419 e-con-full e-flex e-con e-child\" data-id=\"6d1d419\" data-element_type=\"container\" data-settings=\"{&quot;background_background&quot;:&quot;classic&quot;}\">\n\t\t\t\t<div class=\"elementor-element elementor-element-58c1740 elementor-widget elementor-widget-image\" data-id=\"58c1740\" data-element_type=\"widget\" data-widget_type=\"image.default\">\n\t\t\t\t\t\t\t\t\t\t\t\t\t\t\t<img decoding=\"async\" width=\"800\" height=\"1024\" src=\"https:\/\/manorhouse.shop\/wp-content\/uploads\/2026\/01\/03_Manor-House-scaled-1-800x1024.png\" class=\"attachment-large size-large wp-image-410\" alt=\"\" srcset=\"https:\/\/manorhouse.shop\/wp-content\/uploads\/2026\/01\/03_Manor-House-scaled-1-800x1024.png 800w, https:\/\/manorhouse.shop\/wp-content\/uploads\/2026\/01\/03_Manor-House-scaled-1-234x300.png 234w, https:\/\/manorhouse.shop\/wp-content\/uploads\/2026\/01\/03_Manor-House-scaled-1-768x983.png 768w, https:\/\/manorhouse.shop\/wp-content\/uploads\/2026\/01\/03_Manor-House-scaled-1-1200x1536.png 1200w, https:\/\/manorhouse.shop\/wp-content\/uploads\/2026\/01\/03_Manor-House-scaled-1-1600x2048.png 1600w, https:\/\/manorhouse.shop\/wp-content\/uploads\/2026\/01\/03_Manor-House-scaled-1.png 2000w\" sizes=\"(max-width: 800px) 100vw, 800px\" \/>\t\t\t\t\t\t\t\t\t\t\t\t\t\t\t<\/div>\n\t\t\t\t<\/div>\n\t\t\t\t\t<\/div>\n\t\t\t\t<\/div>\n\t\t<div class=\"elementor-element elementor-element-242b4f0 e-flex e-con-boxed e-con e-parent\" data-id=\"242b4f0\" data-element_type=\"container\">\n\t\t\t\t\t<div class=\"e-con-inner\">\n\t\t\t\t<div class=\"elementor-element elementor-element-2392e07 elementor-widget elementor-widget-hfe-infocard\" data-id=\"2392e07\" data-element_type=\"widget\" data-widget_type=\"hfe-infocard.default\">\n\t\t\t\t<div class=\"elementor-widget-container\">\n\t\t\t\t\t\n\t\t<div class=\"hfe-infocard\">\n\t\t\t\t\t\t\t\t\t<div class=\"hfe-infocard-title-wrap\">\n\t\t\t\t<h2 class=\"hfe-infocard-title elementor-inline-editing\" data-elementor-setting-key=\"infocard_title\" data-elementor-inline-editing-toolbar=\"basic\" >Our values<\/h2>\t\t\t<\/div>\n\t\t\t\t\t\t<div class=\"hfe-infocard-text-wrap\">\n\t\t\t\t<div class=\"hfe-infocard-text elementor-inline-editing\" data-elementor-setting-key=\"infocard_description\" data-elementor-inline-editing-toolbar=\"advanced\">\n\t\t\t\t\tValues that inspire our work and the crafting of truly unique decor.\t\t\t\t<\/div>\n\t\t\t\t\t\t\t<\/div>\n\t\t<\/div>\n\n\t\t\t\t\t\t<\/div>\n\t\t\t\t<\/div>\n\t\t<div class=\"elementor-element elementor-element-d0e79ba e-con-full e-flex e-con e-child\" data-id=\"d0e79ba\" data-element_type=\"container\">\n\t\t<div class=\"elementor-element elementor-element-8f771af e-con-full e-flex e-con e-child\" data-id=\"8f771af\" data-element_type=\"container\">\n\t\t\t\t<div class=\"elementor-element elementor-element-dd508d0 elementor-widget elementor-widget-hfe-infocard\" data-id=\"dd508d0\" data-element_type=\"widget\" data-widget_type=\"hfe-infocard.default\">\n\t\t\t\t<div class=\"elementor-widget-container\">\n\t\t\t\t\t\n\t\t<div class=\"hfe-infocard\">\n\t\t\t\t\t\t\t\t\t<div class=\"hfe-infocard-title-wrap\">\n\t\t\t\t<h3 class=\"hfe-infocard-title elementor-inline-editing\" data-elementor-setting-key=\"infocard_title\" data-elementor-inline-editing-toolbar=\"basic\" >Passion<\/h3>\t\t\t<\/div>\n\t\t\t\t\t\t<div class=\"hfe-infocard-text-wrap\">\n\t\t\t\t<div class=\"hfe-infocard-text elementor-inline-editing\" data-elementor-setting-key=\"infocard_description\" data-elementor-inline-editing-toolbar=\"advanced\">\n\t\t\t\t\tEach design reflects our love for handmade artistry, fueled by our total dedication and creative spirit.\t\t\t\t<\/div>\n\t\t\t\t\t\t\t<\/div>\n\t\t<\/div>\n\n\t\t\t\t\t\t<\/div>\n\t\t\t\t<\/div>\n\t\t\t\t<div class=\"elementor-element elementor-element-40f2e22 elementor-widget elementor-widget-hfe-infocard\" data-id=\"40f2e22\" data-element_type=\"widget\" data-widget_type=\"hfe-infocard.default\">\n\t\t\t\t<div class=\"elementor-widget-container\">\n\t\t\t\t\t\n\t\t<div class=\"hfe-infocard\">\n\t\t\t\t\t\t\t\t\t<div class=\"hfe-infocard-title-wrap\">\n\t\t\t\t<h3 class=\"hfe-infocard-title elementor-inline-editing\" data-elementor-setting-key=\"infocard_title\" data-elementor-inline-editing-toolbar=\"basic\" >Quality<\/h3>\t\t\t<\/div>\n\t\t\t\t\t\t<div class=\"hfe-infocard-text-wrap\">\n\t\t\t\t<div class=\"hfe-infocard-text elementor-inline-editing\" data-elementor-setting-key=\"infocard_description\" data-elementor-inline-editing-toolbar=\"advanced\">\n\t\t\t\t\tWe ensure the highest quality of materials and meticulous craftsmanship, so our decorations meet the most demanding standards.\t\t\t\t<\/div>\n\t\t\t\t\t\t\t<\/div>\n\t\t<\/div>\n\n\t\t\t\t\t\t<\/div>\n\t\t\t\t<\/div>\n\t\t\t\t<\/div>\n\t\t<div class=\"elementor-element elementor-element-6f46c9c e-con-full e-flex e-con e-child\" data-id=\"6f46c9c\" data-element_type=\"container\" data-settings=\"{&quot;background_background&quot;:&quot;classic&quot;}\">\n\t\t\t\t<div class=\"elementor-element elementor-element-629f9a7 elementor-widget elementor-widget-image\" data-id=\"629f9a7\" data-element_type=\"widget\" data-widget_type=\"image.default\">\n\t\t\t\t\t\t\t\t\t\t\t\t\t\t\t<img decoding=\"async\" width=\"768\" height=\"1024\" src=\"https:\/\/manorhouse.shop\/wp-content\/uploads\/2026\/01\/02_Manor-House-scaled-1-768x1024.png\" class=\"attachment-large size-large wp-image-411\" alt=\"\" srcset=\"https:\/\/manorhouse.shop\/wp-content\/uploads\/2026\/01\/02_Manor-House-scaled-1-768x1024.png 768w, https:\/\/manorhouse.shop\/wp-content\/uploads\/2026\/01\/02_Manor-House-scaled-1-225x300.png 225w, https:\/\/manorhouse.shop\/wp-content\/uploads\/2026\/01\/02_Manor-House-scaled-1-1152x1536.png 1152w, https:\/\/manorhouse.shop\/wp-content\/uploads\/2026\/01\/02_Manor-House-scaled-1-1536x2048.png 1536w, https:\/\/manorhouse.shop\/wp-content\/uploads\/2026\/01\/02_Manor-House-scaled-1.png 1920w\" sizes=\"(max-width: 768px) 100vw, 768px\" \/>\t\t\t\t\t\t\t\t\t\t\t\t\t\t\t<\/div>\n\t\t\t\t<\/div>\n\t\t<div class=\"elementor-element elementor-element-8826745 e-con-full e-flex e-con e-child\" data-id=\"8826745\" data-element_type=\"container\">\n\t\t\t\t<div class=\"elementor-element elementor-element-1a6801f elementor-widget elementor-widget-hfe-infocard\" data-id=\"1a6801f\" data-element_type=\"widget\" data-widget_type=\"hfe-infocard.default\">\n\t\t\t\t<div class=\"elementor-widget-container\">\n\t\t\t\t\t\n\t\t<div class=\"hfe-infocard\">\n\t\t\t\t\t\t\t\t\t<div class=\"hfe-infocard-title-wrap\">\n\t\t\t\t<h3 class=\"hfe-infocard-title elementor-inline-editing\" data-elementor-setting-key=\"infocard_title\" data-elementor-inline-editing-toolbar=\"basic\" >Uniqueness<\/h3>\t\t\t<\/div>\n\t\t\t\t\t\t<div class=\"hfe-infocard-text-wrap\">\n\t\t\t\t<div class=\"hfe-infocard-text elementor-inline-editing\" data-elementor-setting-key=\"infocard_description\" data-elementor-inline-editing-toolbar=\"advanced\">\n\t\t\t\t\tWe treat every commission individually, creating unique and personalized designs tailored to the specific needs of our clients.\t\t\t\t<\/div>\n\t\t\t\t\t\t\t<\/div>\n\t\t<\/div>\n\n\t\t\t\t\t\t<\/div>\n\t\t\t\t<\/div>\n\t\t\t\t<div class=\"elementor-element elementor-element-d816469 elementor-widget elementor-widget-hfe-infocard\" data-id=\"d816469\" data-element_type=\"widget\" data-widget_type=\"hfe-infocard.default\">\n\t\t\t\t<div class=\"elementor-widget-container\">\n\t\t\t\t\t\n\t\t<div class=\"hfe-infocard\">\n\t\t\t\t\t\t\t\t\t<div class=\"hfe-infocard-title-wrap\">\n\t\t\t\t<h3 class=\"hfe-infocard-title elementor-inline-editing\" data-elementor-setting-key=\"infocard_title\" data-elementor-inline-editing-toolbar=\"basic\" >Elegance<\/h3>\t\t\t<\/div>\n\t\t\t\t\t\t<div class=\"hfe-infocard-text-wrap\">\n\t\t\t\t<div class=\"hfe-infocard-text elementor-inline-editing\" data-elementor-setting-key=\"infocard_description\" data-elementor-inline-editing-toolbar=\"advanced\">\n\t\t\t\t\tRadiating elegance, our pieces merge timeless style with contemporary touches to perfectly complement any living space.\t\t\t\t<\/div>\n\t\t\t\t\t\t\t<\/div>\n\t\t<\/div>\n\n\t\t\t\t\t\t<\/div>\n\t\t\t\t<\/div>\n\t\t\t\t<\/div>\n\t\t\t\t<\/div>\n\t\t\t\t\t<\/div>\n\t\t\t\t<\/div>\n\t\t<div class=\"elementor-element elementor-element-0bdae16 e-flex e-con-boxed e-con e-parent\" data-id=\"0bdae16\" data-element_type=\"container\">\n\t\t\t\t\t<div class=\"e-con-inner\">\n\t\t\t\t<div class=\"elementor-element elementor-element-0f712bf elementor-widget elementor-widget-heading\" data-id=\"0f712bf\" data-element_type=\"widget\" data-widget_type=\"heading.default\">\n\t\t\t\t\t<h2 class=\"elementor-heading-title elementor-size-default\">Our Craftsmanship<\/h2>\t\t\t\t<\/div>\n\t\t<div class=\"elementor-element elementor-element-952bf52 e-con-full e-flex e-con e-child\" data-id=\"952bf52\" data-element_type=\"container\">\n\t\t<div class=\"elementor-element elementor-element-263e4d7 e-con-full e-flex e-con e-child\" data-id=\"263e4d7\" data-element_type=\"container\">\n\t\t\t\t<div class=\"elementor-element elementor-element-3a033d1 elementor-widget elementor-widget-image\" data-id=\"3a033d1\" data-element_type=\"widget\" data-widget_type=\"image.default\">\n\t\t\t\t\t\t\t\t\t\t\t\t\t\t\t<img loading=\"lazy\" decoding=\"async\" width=\"1024\" height=\"539\" src=\"https:\/\/manorhouse.shop\/wp-content\/uploads\/2026\/01\/01_Manor-House-1-scaled-1-e1769777997139-1024x539.png\" class=\"attachment-large size-large wp-image-408\" alt=\"\" srcset=\"https:\/\/manorhouse.shop\/wp-content\/uploads\/2026\/01\/01_Manor-House-1-scaled-1-e1769777997139-1024x539.png 1024w, https:\/\/manorhouse.shop\/wp-content\/uploads\/2026\/01\/01_Manor-House-1-scaled-1-e1769777997139-300x158.png 300w, https:\/\/manorhouse.shop\/wp-content\/uploads\/2026\/01\/01_Manor-House-1-scaled-1-e1769777997139-768x404.png 768w, https:\/\/manorhouse.shop\/wp-content\/uploads\/2026\/01\/01_Manor-House-1-scaled-1-e1769777997139-1536x809.png 1536w, https:\/\/manorhouse.shop\/wp-content\/uploads\/2026\/01\/01_Manor-House-1-scaled-1-e1769777997139.png 1685w\" sizes=\"(max-width: 1024px) 100vw, 1024px\" \/>\t\t\t\t\t\t\t\t\t\t\t\t\t\t\t<\/div>\n\t\t\t\t<div class=\"elementor-element elementor-element-584621c elementor-widget elementor-widget-image\" data-id=\"584621c\" data-element_type=\"widget\" data-widget_type=\"image.default\">\n\t\t\t\t\t\t\t\t\t\t\t\t\t\t\t<img decoding=\"async\" width=\"800\" height=\"1024\" src=\"https:\/\/manorhouse.shop\/wp-content\/uploads\/2026\/01\/03_Manor-House-scaled-1-800x1024.png\" class=\"attachment-large size-large wp-image-410\" alt=\"\" srcset=\"https:\/\/manorhouse.shop\/wp-content\/uploads\/2026\/01\/03_Manor-House-scaled-1-800x1024.png 800w, https:\/\/manorhouse.shop\/wp-content\/uploads\/2026\/01\/03_Manor-House-scaled-1-234x300.png 234w, https:\/\/manorhouse.shop\/wp-content\/uploads\/2026\/01\/03_Manor-House-scaled-1-768x983.png 768w, https:\/\/manorhouse.shop\/wp-content\/uploads\/2026\/01\/03_Manor-House-scaled-1-1200x1536.png 1200w, https:\/\/manorhouse.shop\/wp-content\/uploads\/2026\/01\/03_Manor-House-scaled-1-1600x2048.png 1600w, https:\/\/manorhouse.shop\/wp-content\/uploads\/2026\/01\/03_Manor-House-scaled-1.png 2000w\" sizes=\"(max-width: 800px) 100vw, 800px\" \/>\t\t\t\t\t\t\t\t\t\t\t\t\t\t\t<\/div>\n\t\t\t\t<\/div>\n\t\t<div class=\"elementor-element elementor-element-8fcbcc7 e-con-full e-flex e-con e-child\" data-id=\"8fcbcc7\" data-element_type=\"container\">\n\t\t\t\t<div class=\"elementor-element elementor-element-51199ad elementor-widget elementor-widget-image\" data-id=\"51199ad\" data-element_type=\"widget\" data-widget_type=\"image.default\">\n\t\t\t\t\t\t\t\t\t\t\t\t\t\t\t<img decoding=\"async\" width=\"768\" height=\"1024\" src=\"https:\/\/manorhouse.shop\/wp-content\/uploads\/2026\/01\/02_Manor-House-scaled-1-768x1024.png\" class=\"attachment-large size-large wp-image-411\" alt=\"\" srcset=\"https:\/\/manorhouse.shop\/wp-content\/uploads\/2026\/01\/02_Manor-House-scaled-1-768x1024.png 768w, https:\/\/manorhouse.shop\/wp-content\/uploads\/2026\/01\/02_Manor-House-scaled-1-225x300.png 225w, https:\/\/manorhouse.shop\/wp-content\/uploads\/2026\/01\/02_Manor-House-scaled-1-1152x1536.png 1152w, https:\/\/manorhouse.shop\/wp-content\/uploads\/2026\/01\/02_Manor-House-scaled-1-1536x2048.png 1536w, https:\/\/manorhouse.shop\/wp-content\/uploads\/2026\/01\/02_Manor-House-scaled-1.png 1920w\" sizes=\"(max-width: 768px) 100vw, 768px\" \/>\t\t\t\t\t\t\t\t\t\t\t\t\t\t\t<\/div>\n\t\t\t\t<\/div>\n\t\t<div class=\"elementor-element elementor-element-016ceb1 e-con-full e-flex e-con e-child\" data-id=\"016ceb1\" data-element_type=\"container\">\n\t\t\t\t<div class=\"elementor-element elementor-element-08cd083 elementor-widget elementor-widget-image\" data-id=\"08cd083\" data-element_type=\"widget\" data-widget_type=\"image.default\">\n\t\t\t\t\t\t\t\t\t\t\t\t\t\t\t<img loading=\"lazy\" decoding=\"async\" width=\"1024\" height=\"539\" src=\"https:\/\/manorhouse.shop\/wp-content\/uploads\/2026\/01\/01_Manor-House-1-scaled-1-e1769777997139-1024x539.png\" class=\"attachment-large size-large wp-image-408\" alt=\"\" srcset=\"https:\/\/manorhouse.shop\/wp-content\/uploads\/2026\/01\/01_Manor-House-1-scaled-1-e1769777997139-1024x539.png 1024w, https:\/\/manorhouse.shop\/wp-content\/uploads\/2026\/01\/01_Manor-House-1-scaled-1-e1769777997139-300x158.png 300w, https:\/\/manorhouse.shop\/wp-content\/uploads\/2026\/01\/01_Manor-House-1-scaled-1-e1769777997139-768x404.png 768w, https:\/\/manorhouse.shop\/wp-content\/uploads\/2026\/01\/01_Manor-House-1-scaled-1-e1769777997139-1536x809.png 1536w, https:\/\/manorhouse.shop\/wp-content\/uploads\/2026\/01\/01_Manor-House-1-scaled-1-e1769777997139.png 1685w\" sizes=\"(max-width: 1024px) 100vw, 1024px\" \/>\t\t\t\t\t\t\t\t\t\t\t\t\t\t\t<\/div>\n\t\t\t\t<div class=\"elementor-element elementor-element-0aa74c0 elementor-widget elementor-widget-image\" data-id=\"0aa74c0\" data-element_type=\"widget\" data-widget_type=\"image.default\">\n\t\t\t\t\t\t\t\t\t\t\t\t\t\t\t<img decoding=\"async\" width=\"800\" height=\"1024\" src=\"https:\/\/manorhouse.shop\/wp-content\/uploads\/2026\/01\/03_Manor-House-scaled-1-800x1024.png\" class=\"attachment-large size-large wp-image-410\" alt=\"\" srcset=\"https:\/\/manorhouse.shop\/wp-content\/uploads\/2026\/01\/03_Manor-House-scaled-1-800x1024.png 800w, https:\/\/manorhouse.shop\/wp-content\/uploads\/2026\/01\/03_Manor-House-scaled-1-234x300.png 234w, https:\/\/manorhouse.shop\/wp-content\/uploads\/2026\/01\/03_Manor-House-scaled-1-768x983.png 768w, https:\/\/manorhouse.shop\/wp-content\/uploads\/2026\/01\/03_Manor-House-scaled-1-1200x1536.png 1200w, https:\/\/manorhouse.shop\/wp-content\/uploads\/2026\/01\/03_Manor-House-scaled-1-1600x2048.png 1600w, https:\/\/manorhouse.shop\/wp-content\/uploads\/2026\/01\/03_Manor-House-scaled-1.png 2000w\" sizes=\"(max-width: 800px) 100vw, 800px\" \/>\t\t\t\t\t\t\t\t\t\t\t\t\t\t\t<\/div>\n\t\t\t\t<\/div>\n\t\t\t\t<\/div>\n\t\t\t\t\t<\/div>\n\t\t\t\t<\/div>\n\t\t<div class=\"elementor-element elementor-element-53356df e-flex e-con-boxed e-con e-parent\" data-id=\"53356df\" data-element_type=\"container\">\n\t\t\t\t\t<div class=\"e-con-inner\">\n\t\t<div class=\"elementor-element elementor-element-7a9c0d1 e-flex e-con-boxed e-con e-child\" data-id=\"7a9c0d1\" data-element_type=\"container\" data-settings=\"{&quot;background_background&quot;:&quot;classic&quot;}\">\n\t\t\t\t\t<div class=\"e-con-inner\">\n\t\t\t\t<div class=\"elementor-element elementor-element-dbb315e elementor-widget__width-initial elementor-widget elementor-widget-heading\" data-id=\"dbb315e\" data-element_type=\"widget\" data-widget_type=\"heading.default\">\n\t\t\t\t\t<h2 class=\"elementor-heading-title elementor-size-default\">Join me in creating something truly special.<\/h2>\t\t\t\t<\/div>\n\t\t\t\t<div class=\"elementor-element elementor-element-233e8f0 elementor-align-right elementor-tablet-align-center elementor-widget-tablet__width-initial elementor-widget elementor-widget-button\" data-id=\"233e8f0\" data-element_type=\"widget\" data-widget_type=\"button.default\">\n\t\t\t\t\t\t\t\t\t\t<a class=\"elementor-button elementor-button-link elementor-size-sm\" href=\"https:\/\/manorhouse.shop\/en\/kontakt\/\">\n\t\t\t\t\t\t<span class=\"elementor-button-content-wrapper\">\n\t\t\t\t\t\t\t\t\t<span class=\"elementor-button-text\">Contact us<\/span>\n\t\t\t\t\t<\/span>\n\t\t\t\t\t<\/a>\n\t\t\t\t\t\t\t\t<\/div>\n\t\t\t\t\t<\/div>\n\t\t\t\t<\/div>\n\t\t\t\t\t<\/div>\n\t\t\t\t<\/div>\n\t\t\t\t<\/div>","protected":false},"excerpt":{"rendered":"<p>Odkryj elegancj\u0119 r\u0119kodzie\u0142a w Manor House W Manor House tworzymy unikalne dekoracje w stylu dwork\u00f3w szlacheckich, \u0142\u0105cz\u0105c pasj\u0119 do decoupage [&hellip;]<\/p>","protected":false},"author":1,"featured_media":0,"parent":0,"menu_order":0,"comment_status":"closed","ping_status":"closed","template":"","meta":{"site-sidebar-layout":"no-sidebar","site-content-layout":"","ast-site-content-layout":"full-width-container","site-content-style":"default","site-sidebar-style":"default","ast-global-header-display":"","ast-banner-title-visibility":"","ast-main-header-display":"","ast-hfb-above-header-display":"","ast-hfb-below-header-display":"","ast-hfb-mobile-header-display":"","site-post-title":"disabled","ast-breadcrumbs-content":"","ast-featured-img":"disabled","footer-sml-layout":"","ast-disable-related-posts":"","theme-transparent-header-meta":"enabled","adv-header-id-meta":"","stick-header-meta":"","header-above-stick-meta":"","header-main-stick-meta":"","header-below-stick-meta":"","astra-migrate-meta-layouts":"default","ast-page-background-enabled":"default","ast-page-background-meta":{"desktop":{"background-color":"var(--ast-global-color-5)","background-image":"","background-repeat":"repeat","background-position":"center center","background-size":"auto","background-attachment":"scroll","background-type":"","background-media":"","overlay-type":"","overlay-color":"","overlay-opacity":"","overlay-gradient":""},"tablet":{"background-color":"","background-image":"","background-repeat":"repeat","background-position":"center center","background-size":"auto","background-attachment":"scroll","background-type":"","background-media":"","overlay-type":"","overlay-color":"","overlay-opacity":"","overlay-gradient":""},"mobile":{"background-color":"","background-image":"","background-repeat":"repeat","background-position":"center center","background-size":"auto","background-attachment":"scroll","background-type":"","background-media":"","overlay-type":"","overlay-color":"","overlay-opacity":"","overlay-gradient":""}},"ast-content-background-meta":{"desktop":{"background-color":"var(--ast-global-color-4)","background-image":"","background-repeat":"repeat","background-position":"center center","background-size":"auto","background-attachment":"scroll","background-type":"","background-media":"","overlay-type":"","overlay-color":"","overlay-opacity":"","overlay-gradient":""},"tablet":{"background-color":"var(--ast-global-color-4)","background-image":"","background-repeat":"repeat","background-position":"center center","background-size":"auto","background-attachment":"scroll","background-type":"","background-media":"","overlay-type":"","overlay-color":"","overlay-opacity":"","overlay-gradient":""},"mobile":{"background-color":"var(--ast-global-color-4)","background-image":"","background-repeat":"repeat","background-position":"center center","background-size":"auto","background-attachment":"scroll","background-type":"","background-media":"","overlay-type":"","overlay-color":"","overlay-opacity":"","overlay-gradient":""}},"footnotes":""},"class_list":["post-401","page","type-page","status-publish","hentry"],"_links":{"self":[{"href":"https:\/\/manorhouse.shop\/en\/wp-json\/wp\/v2\/pages\/401","targetHints":{"allow":["GET"]}}],"collection":[{"href":"https:\/\/manorhouse.shop\/en\/wp-json\/wp\/v2\/pages"}],"about":[{"href":"https:\/\/manorhouse.shop\/en\/wp-json\/wp\/v2\/types\/page"}],"author":[{"embeddable":true,"href":"https:\/\/manorhouse.shop\/en\/wp-json\/wp\/v2\/users\/1"}],"replies":[{"embeddable":true,"href":"https:\/\/manorhouse.shop\/en\/wp-json\/wp\/v2\/comments?post=401"}],"version-history":[{"count":31,"href":"https:\/\/manorhouse.shop\/en\/wp-json\/wp\/v2\/pages\/401\/revisions"}],"predecessor-version":[{"id":699,"href":"https:\/\/manorhouse.shop\/en\/wp-json\/wp\/v2\/pages\/401\/revisions\/699"}],"wp:attachment":[{"href":"https:\/\/manorhouse.shop\/en\/wp-json\/wp\/v2\/media?parent=401"}],"curies":[{"name":"wp","href":"https:\/\/api.w.org\/{rel}","templated":true}]}}