{"id":399,"date":"2026-01-07T17:17:32","date_gmt":"2026-01-07T17:17:32","guid":{"rendered":"https:\/\/manorhouse.shop\/home\/"},"modified":"2026-02-08T07:29:34","modified_gmt":"2026-02-08T07:29:34","slug":"home","status":"publish","type":"page","link":"https:\/\/manorhouse.shop\/en\/","title":{"rendered":"Home"},"content":{"rendered":"<div data-elementor-type=\"wp-page\" data-elementor-id=\"399\" class=\"elementor elementor-399\">\n\t\t\t\t<div class=\"elementor-element elementor-element-491f9ef e-flex e-con-boxed e-con e-parent\" data-id=\"491f9ef\" data-element_type=\"container\">\n\t\t\t\t\t<div class=\"e-con-inner\">\n\t\t<div class=\"elementor-element elementor-element-7a275da e-con-full e-flex e-con e-child\" data-id=\"7a275da\" data-element_type=\"container\">\n\t\t\t\t<\/div>\n\t\t\t\t\t<\/div>\n\t\t\t\t<\/div>\n\t\t<div class=\"elementor-element elementor-element-93a16de e-flex e-con-boxed e-con e-parent\" data-id=\"93a16de\" data-element_type=\"container\">\n\t\t\t\t\t<div class=\"e-con-inner\">\n\t\t\t\t<div class=\"elementor-element elementor-element-8a70cdf elementor-widget elementor-widget-image\" data-id=\"8a70cdf\" data-element_type=\"widget\" data-widget_type=\"image.default\">\n\t\t\t\t\t\t\t\t\t\t\t\t\t\t\t<img fetchpriority=\"high\" decoding=\"async\" width=\"1024\" height=\"329\" src=\"https:\/\/manorhouse.shop\/wp-content\/uploads\/2026\/01\/Gemini_Generated_Image_anw0g3anw0g3anw0-1024x329.png\" class=\"attachment-large size-large wp-image-538\" alt=\"\" srcset=\"https:\/\/manorhouse.shop\/wp-content\/uploads\/2026\/01\/Gemini_Generated_Image_anw0g3anw0g3anw0-1024x329.png 1024w, https:\/\/manorhouse.shop\/wp-content\/uploads\/2026\/01\/Gemini_Generated_Image_anw0g3anw0g3anw0-300x96.png 300w, https:\/\/manorhouse.shop\/wp-content\/uploads\/2026\/01\/Gemini_Generated_Image_anw0g3anw0g3anw0-768x247.png 768w, https:\/\/manorhouse.shop\/wp-content\/uploads\/2026\/01\/Gemini_Generated_Image_anw0g3anw0g3anw0-1536x494.png 1536w, https:\/\/manorhouse.shop\/wp-content\/uploads\/2026\/01\/Gemini_Generated_Image_anw0g3anw0g3anw0.png 1792w\" sizes=\"(max-width: 1024px) 100vw, 1024px\" \/>\t\t\t\t\t\t\t\t\t\t\t\t\t\t\t<\/div>\n\t\t\t\t\t<\/div>\n\t\t\t\t<\/div>\n\t\t<div class=\"elementor-element elementor-element-620e135 e-flex e-con-boxed e-con e-parent\" data-id=\"620e135\" data-element_type=\"container\">\n\t\t\t\t\t<div class=\"e-con-inner\">\n\t\t<div class=\"elementor-element elementor-element-73669cf e-con-full e-flex e-con e-child\" data-id=\"73669cf\" data-element_type=\"container\">\n\t\t\t\t<div class=\"elementor-element elementor-element-888efdf elementor-widget elementor-widget-spacer\" data-id=\"888efdf\" data-element_type=\"widget\" data-widget_type=\"spacer.default\">\n\t\t\t\t\t\t\t<div class=\"elementor-spacer\">\n\t\t\t<div class=\"elementor-spacer-inner\"><\/div>\n\t\t<\/div>\n\t\t\t\t\t\t<\/div>\n\t\t\t\t<div class=\"elementor-element elementor-element-6e259ef elementor-widget-divider--view-line elementor-widget elementor-widget-divider\" data-id=\"6e259ef\" data-element_type=\"widget\" data-widget_type=\"divider.default\">\n\t\t\t\t\t\t\t<div class=\"elementor-divider\">\n\t\t\t<span class=\"elementor-divider-separator\">\n\t\t\t\t\t\t<\/span>\n\t\t<\/div>\n\t\t\t\t\t\t<\/div>\n\t\t\t\t<div class=\"elementor-element elementor-element-c291d00 elementor-widget elementor-widget-text-editor\" data-id=\"c291d00\" data-element_type=\"widget\" data-widget_type=\"text-editor.default\">\n\t\t\t\t\t\t\t\t\t<h4>At Manor House, we create unique decorations inspired by the style of noble manor houses, blending a passion for decoupage with the elegance of English and American estates.<\/h4>\t\t\t\t\t\t\t\t<\/div>\n\t\t<div class=\"elementor-element elementor-element-126c53b e-con-full e-flex e-con e-child\" data-id=\"126c53b\" data-element_type=\"container\">\n\t\t\t\t<div class=\"elementor-element elementor-element-6106b4e elementor-widget-divider--view-line elementor-widget elementor-widget-divider\" data-id=\"6106b4e\" data-element_type=\"widget\" data-widget_type=\"divider.default\">\n\t\t\t\t\t\t\t<div class=\"elementor-divider\">\n\t\t\t<span class=\"elementor-divider-separator\">\n\t\t\t\t\t\t<\/span>\n\t\t<\/div>\n\t\t\t\t\t\t<\/div>\n\t\t\t\t<\/div>\n\t\t\t\t<div class=\"elementor-element elementor-element-3e5b050 elementor-widget elementor-widget-heading\" data-id=\"3e5b050\" data-element_type=\"widget\" data-widget_type=\"heading.default\">\n\t\t\t\t\t<h1 class=\"elementor-heading-title elementor-size-default\">Our Craftsmanship<\/h1>\t\t\t\t<\/div>\n\t\t\t\t<\/div>\n\t\t\t\t\t<\/div>\n\t\t\t\t<\/div>\n\t\t<div class=\"elementor-element elementor-element-3381c8b e-flex e-con-boxed e-con e-parent\" data-id=\"3381c8b\" data-element_type=\"container\">\n\t\t\t\t\t<div class=\"e-con-inner\">\n\t\t\t\t<div class=\"elementor-element elementor-element-d378f45 elementor-widget elementor-widget-spacer\" data-id=\"d378f45\" data-element_type=\"widget\" data-widget_type=\"spacer.default\">\n\t\t\t\t\t\t\t<div class=\"elementor-spacer\">\n\t\t\t<div class=\"elementor-spacer-inner\"><\/div>\n\t\t<\/div>\n\t\t\t\t\t\t<\/div>\n\t\t\t\t\t<\/div>\n\t\t\t\t<\/div>\n\t\t<div class=\"elementor-element elementor-element-a7ec3d7 e-grid e-con-boxed e-con e-parent\" data-id=\"a7ec3d7\" data-element_type=\"container\">\n\t\t\t\t\t<div class=\"e-con-inner\">\n\t\t\t\t<div class=\"elementor-element elementor-element-2c8de71 elementor-position-top elementor-widget elementor-widget-image-box\" data-id=\"2c8de71\" data-element_type=\"widget\" data-widget_type=\"image-box.default\">\n\t\t\t\t\t<div class=\"elementor-image-box-wrapper\"><figure class=\"elementor-image-box-img\"><img decoding=\"async\" width=\"1192\" height=\"1728\" src=\"https:\/\/manorhouse.shop\/wp-content\/uploads\/2026\/01\/IMG_20260109_190352065.jpg\" class=\"attachment-full size-full wp-image-447\" alt=\"\" srcset=\"https:\/\/manorhouse.shop\/wp-content\/uploads\/2026\/01\/IMG_20260109_190352065.jpg 1192w, https:\/\/manorhouse.shop\/wp-content\/uploads\/2026\/01\/IMG_20260109_190352065-207x300.jpg 207w, https:\/\/manorhouse.shop\/wp-content\/uploads\/2026\/01\/IMG_20260109_190352065-706x1024.jpg 706w, https:\/\/manorhouse.shop\/wp-content\/uploads\/2026\/01\/IMG_20260109_190352065-768x1113.jpg 768w, https:\/\/manorhouse.shop\/wp-content\/uploads\/2026\/01\/IMG_20260109_190352065-1060x1536.jpg 1060w\" sizes=\"(max-width: 1192px) 100vw, 1192px\" \/><\/figure><div class=\"elementor-image-box-content\"><h3 class=\"elementor-image-box-title\">Code: Manor - 01<\/h3><p class=\"elementor-image-box-description\">Painting on an oval canvas\n\nSize 30 cm x 40 cm. Please write or call us to inquire about availability.\n\nPrice 200 PLN<\/p><\/div><\/div>\t\t\t\t<\/div>\n\t\t\t\t<div class=\"elementor-element elementor-element-b0430d7 elementor-position-top elementor-widget elementor-widget-image-box\" data-id=\"b0430d7\" data-element_type=\"widget\" data-widget_type=\"image-box.default\">\n\t\t\t\t\t<div class=\"elementor-image-box-wrapper\"><figure class=\"elementor-image-box-img\"><img decoding=\"async\" width=\"1609\" height=\"2560\" src=\"https:\/\/manorhouse.shop\/wp-content\/uploads\/2026\/01\/IMG_20260111_180441883-scaled.jpg\" class=\"attachment-full size-full wp-image-448\" alt=\"\" srcset=\"https:\/\/manorhouse.shop\/wp-content\/uploads\/2026\/01\/IMG_20260111_180441883-scaled.jpg 1609w, https:\/\/manorhouse.shop\/wp-content\/uploads\/2026\/01\/IMG_20260111_180441883-189x300.jpg 189w, https:\/\/manorhouse.shop\/wp-content\/uploads\/2026\/01\/IMG_20260111_180441883-644x1024.jpg 644w, https:\/\/manorhouse.shop\/wp-content\/uploads\/2026\/01\/IMG_20260111_180441883-768x1222.jpg 768w, https:\/\/manorhouse.shop\/wp-content\/uploads\/2026\/01\/IMG_20260111_180441883-965x1536.jpg 965w, https:\/\/manorhouse.shop\/wp-content\/uploads\/2026\/01\/IMG_20260111_180441883-1287x2048.jpg 1287w\" sizes=\"(max-width: 1609px) 100vw, 1609px\" \/><\/figure><div class=\"elementor-image-box-content\"><h3 class=\"elementor-image-box-title\">Code: Manor - 02<\/h3><p class=\"elementor-image-box-description\">Painting on an oval canvas\n\nSize 20 cm x 30 cm. Please write or call us to inquire about availability.\n\nPrice 200 PLN.<\/p><\/div><\/div>\t\t\t\t<\/div>\n\t\t\t\t\t<\/div>\n\t\t\t\t<\/div>\n\t\t<div class=\"elementor-element elementor-element-857f0ea e-flex e-con-boxed e-con e-parent\" data-id=\"857f0ea\" data-element_type=\"container\">\n\t\t\t\t\t<div class=\"e-con-inner\">\n\t\t\t\t<div class=\"elementor-element elementor-element-c54680c elementor-widget elementor-widget-spacer\" data-id=\"c54680c\" data-element_type=\"widget\" data-widget_type=\"spacer.default\">\n\t\t\t\t\t\t\t<div class=\"elementor-spacer\">\n\t\t\t<div class=\"elementor-spacer-inner\"><\/div>\n\t\t<\/div>\n\t\t\t\t\t\t<\/div>\n\t\t\t\t\t<\/div>\n\t\t\t\t<\/div>\n\t\t<div class=\"elementor-element elementor-element-67eda28 e-grid e-con-boxed e-con e-parent\" data-id=\"67eda28\" data-element_type=\"container\">\n\t\t\t\t\t<div class=\"e-con-inner\">\n\t\t\t\t<div class=\"elementor-element elementor-element-e7de7f5 elementor-position-top elementor-widget elementor-widget-image-box\" data-id=\"e7de7f5\" data-element_type=\"widget\" data-widget_type=\"image-box.default\">\n\t\t\t\t\t<div class=\"elementor-image-box-wrapper\"><figure class=\"elementor-image-box-img\"><img loading=\"lazy\" decoding=\"async\" width=\"1556\" height=\"2560\" src=\"https:\/\/manorhouse.shop\/wp-content\/uploads\/2026\/01\/IMG_20260111_180614091-scaled.jpg\" class=\"attachment-full size-full wp-image-507\" alt=\"\" srcset=\"https:\/\/manorhouse.shop\/wp-content\/uploads\/2026\/01\/IMG_20260111_180614091-scaled.jpg 1556w, https:\/\/manorhouse.shop\/wp-content\/uploads\/2026\/01\/IMG_20260111_180614091-182x300.jpg 182w, https:\/\/manorhouse.shop\/wp-content\/uploads\/2026\/01\/IMG_20260111_180614091-622x1024.jpg 622w, https:\/\/manorhouse.shop\/wp-content\/uploads\/2026\/01\/IMG_20260111_180614091-768x1264.jpg 768w, https:\/\/manorhouse.shop\/wp-content\/uploads\/2026\/01\/IMG_20260111_180614091-934x1536.jpg 934w, https:\/\/manorhouse.shop\/wp-content\/uploads\/2026\/01\/IMG_20260111_180614091-1245x2048.jpg 1245w\" sizes=\"(max-width: 1556px) 100vw, 1556px\" \/><\/figure><div class=\"elementor-image-box-content\"><h3 class=\"elementor-image-box-title\">Code: Manor - 03<\/h3><p class=\"elementor-image-box-description\">Painting on an oval canvas\n\nSize 20 cm x 30 cm. Please write or call us to inquire about availability.\n\nPrice 200 PLN.<\/p><\/div><\/div>\t\t\t\t<\/div>\n\t\t\t\t<div class=\"elementor-element elementor-element-43893e9 elementor-position-top elementor-widget elementor-widget-image-box\" data-id=\"43893e9\" data-element_type=\"widget\" data-widget_type=\"image-box.default\">\n\t\t\t\t\t<div class=\"elementor-image-box-wrapper\"><figure class=\"elementor-image-box-img\"><img loading=\"lazy\" decoding=\"async\" width=\"1535\" height=\"2560\" src=\"https:\/\/manorhouse.shop\/wp-content\/uploads\/2026\/01\/IMG_20260111_180659888_PORTRAIT-scaled.jpg\" class=\"attachment-full size-full wp-image-508\" alt=\"\" srcset=\"https:\/\/manorhouse.shop\/wp-content\/uploads\/2026\/01\/IMG_20260111_180659888_PORTRAIT-scaled.jpg 1535w, https:\/\/manorhouse.shop\/wp-content\/uploads\/2026\/01\/IMG_20260111_180659888_PORTRAIT-180x300.jpg 180w, https:\/\/manorhouse.shop\/wp-content\/uploads\/2026\/01\/IMG_20260111_180659888_PORTRAIT-614x1024.jpg 614w, https:\/\/manorhouse.shop\/wp-content\/uploads\/2026\/01\/IMG_20260111_180659888_PORTRAIT-768x1281.jpg 768w, https:\/\/manorhouse.shop\/wp-content\/uploads\/2026\/01\/IMG_20260111_180659888_PORTRAIT-921x1536.jpg 921w, https:\/\/manorhouse.shop\/wp-content\/uploads\/2026\/01\/IMG_20260111_180659888_PORTRAIT-1228x2048.jpg 1228w\" sizes=\"(max-width: 1535px) 100vw, 1535px\" \/><\/figure><div class=\"elementor-image-box-content\"><h3 class=\"elementor-image-box-title\">Code: Manor - 04<\/h3><p class=\"elementor-image-box-description\">Painting on an oval canvas\n\nSize 20 cm x 30 cm. Please write or call us to inquire about availability.\n\nPrice 200 PLN.<\/p><\/div><\/div>\t\t\t\t<\/div>\n\t\t\t\t\t<\/div>\n\t\t\t\t<\/div>\n\t\t<div class=\"elementor-element elementor-element-1d1267a e-flex e-con-boxed e-con e-parent\" data-id=\"1d1267a\" data-element_type=\"container\">\n\t\t\t\t\t<div class=\"e-con-inner\">\n\t\t\t\t<div class=\"elementor-element elementor-element-1be7d4f elementor-widget elementor-widget-spacer\" data-id=\"1be7d4f\" data-element_type=\"widget\" data-widget_type=\"spacer.default\">\n\t\t\t\t\t\t\t<div class=\"elementor-spacer\">\n\t\t\t<div class=\"elementor-spacer-inner\"><\/div>\n\t\t<\/div>\n\t\t\t\t\t\t<\/div>\n\t\t\t\t\t<\/div>\n\t\t\t\t<\/div>\n\t\t<div class=\"elementor-element elementor-element-2cab595 e-grid e-con-boxed e-con e-parent\" data-id=\"2cab595\" data-element_type=\"container\">\n\t\t\t\t\t<div class=\"e-con-inner\">\n\t\t\t\t<div class=\"elementor-element elementor-element-23b9c49 elementor-position-top elementor-widget elementor-widget-image-box\" data-id=\"23b9c49\" data-element_type=\"widget\" data-widget_type=\"image-box.default\">\n\t\t\t\t\t<div class=\"elementor-image-box-wrapper\"><figure class=\"elementor-image-box-img\"><img loading=\"lazy\" decoding=\"async\" width=\"952\" height=\"1240\" src=\"https:\/\/manorhouse.shop\/wp-content\/uploads\/2026\/01\/dziewczynka.jpg\" class=\"attachment-full size-full wp-image-528\" alt=\"\" srcset=\"https:\/\/manorhouse.shop\/wp-content\/uploads\/2026\/01\/dziewczynka.jpg 952w, https:\/\/manorhouse.shop\/wp-content\/uploads\/2026\/01\/dziewczynka-230x300.jpg 230w, https:\/\/manorhouse.shop\/wp-content\/uploads\/2026\/01\/dziewczynka-786x1024.jpg 786w, https:\/\/manorhouse.shop\/wp-content\/uploads\/2026\/01\/dziewczynka-768x1000.jpg 768w\" sizes=\"(max-width: 952px) 100vw, 952px\" \/><\/figure><div class=\"elementor-image-box-content\"><h3 class=\"elementor-image-box-title\">Code: Manor - 05<\/h3><p class=\"elementor-image-box-description\">Art piece on a decorated MDF board\n\nSize 14 cm x 16 cm\nPlease write or call us to inquire about availability.\n\nPrice 120 PLN.<\/p><\/div><\/div>\t\t\t\t<\/div>\n\t\t\t\t<div class=\"elementor-element elementor-element-ccd5419 elementor-position-top elementor-widget elementor-widget-image-box\" data-id=\"ccd5419\" data-element_type=\"widget\" data-widget_type=\"image-box.default\">\n\t\t\t\t\t<div class=\"elementor-image-box-wrapper\"><figure class=\"elementor-image-box-img\"><img loading=\"lazy\" decoding=\"async\" width=\"860\" height=\"1076\" src=\"https:\/\/manorhouse.shop\/wp-content\/uploads\/2026\/01\/chlopczyk.jpg\" class=\"attachment-full size-full wp-image-529\" alt=\"\" srcset=\"https:\/\/manorhouse.shop\/wp-content\/uploads\/2026\/01\/chlopczyk.jpg 860w, https:\/\/manorhouse.shop\/wp-content\/uploads\/2026\/01\/chlopczyk-240x300.jpg 240w, https:\/\/manorhouse.shop\/wp-content\/uploads\/2026\/01\/chlopczyk-818x1024.jpg 818w, https:\/\/manorhouse.shop\/wp-content\/uploads\/2026\/01\/chlopczyk-768x961.jpg 768w\" sizes=\"(max-width: 860px) 100vw, 860px\" \/><\/figure><div class=\"elementor-image-box-content\"><h3 class=\"elementor-image-box-title\">Code: Manor - 06<\/h3><p class=\"elementor-image-box-description\">Art piece on a decorated MDF board\n\nSize 14 cm x 16 cm\nPlease write or call us to inquire about availability.\n\nPrice 120 PLN.<\/p><\/div><\/div>\t\t\t\t<\/div>\n\t\t\t\t\t<\/div>\n\t\t\t\t<\/div>\n\t\t<div class=\"elementor-element elementor-element-ff8a080 e-flex e-con-boxed e-con e-parent\" data-id=\"ff8a080\" data-element_type=\"container\">\n\t\t\t\t\t<div class=\"e-con-inner\">\n\t\t\t\t<div class=\"elementor-element elementor-element-23c8a1b elementor-widget elementor-widget-spacer\" data-id=\"23c8a1b\" data-element_type=\"widget\" data-widget_type=\"spacer.default\">\n\t\t\t\t\t\t\t<div class=\"elementor-spacer\">\n\t\t\t<div class=\"elementor-spacer-inner\"><\/div>\n\t\t<\/div>\n\t\t\t\t\t\t<\/div>\n\t\t\t\t\t<\/div>\n\t\t\t\t<\/div>\n\t\t\t\t<\/div>","protected":false},"excerpt":{"rendered":"<p>W Manor House tworzymy unikalne dekoracje w stylu dwork\u00f3w szlacheckich, \u0142\u0105cz\u0105c pasj\u0119 do decoupage z elegancj\u0105 angielskich i ameryka\u0144skich rezydencji. [&hellip;]<\/p>","protected":false},"author":1,"featured_media":0,"parent":0,"menu_order":0,"comment_status":"closed","ping_status":"closed","template":"","meta":{"site-sidebar-layout":"no-sidebar","site-content-layout":"","ast-site-content-layout":"full-width-container","site-content-style":"default","site-sidebar-style":"default","ast-global-header-display":"","ast-banner-title-visibility":"","ast-main-header-display":"","ast-hfb-above-header-display":"","ast-hfb-below-header-display":"","ast-hfb-mobile-header-display":"","site-post-title":"disabled","ast-breadcrumbs-content":"","ast-featured-img":"disabled","footer-sml-layout":"","ast-disable-related-posts":"","theme-transparent-header-meta":"enabled","adv-header-id-meta":"","stick-header-meta":"","header-above-stick-meta":"","header-main-stick-meta":"","header-below-stick-meta":"","astra-migrate-meta-layouts":"default","ast-page-background-enabled":"default","ast-page-background-meta":{"desktop":{"background-color":"var(--ast-global-color-5)","background-image":"","background-repeat":"repeat","background-position":"center center","background-size":"auto","background-attachment":"scroll","background-type":"","background-media":"","overlay-type":"","overlay-color":"","overlay-opacity":"","overlay-gradient":""},"tablet":{"background-color":"","background-image":"","background-repeat":"repeat","background-position":"center center","background-size":"auto","background-attachment":"scroll","background-type":"","background-media":"","overlay-type":"","overlay-color":"","overlay-opacity":"","overlay-gradient":""},"mobile":{"background-color":"","background-image":"","background-repeat":"repeat","background-position":"center center","background-size":"auto","background-attachment":"scroll","background-type":"","background-media":"","overlay-type":"","overlay-color":"","overlay-opacity":"","overlay-gradient":""}},"ast-content-background-meta":{"desktop":{"background-color":"var(--ast-global-color-4)","background-image":"","background-repeat":"repeat","background-position":"center center","background-size":"auto","background-attachment":"scroll","background-type":"","background-media":"","overlay-type":"","overlay-color":"","overlay-opacity":"","overlay-gradient":""},"tablet":{"background-color":"var(--ast-global-color-4)","background-image":"","background-repeat":"repeat","background-position":"center center","background-size":"auto","background-attachment":"scroll","background-type":"","background-media":"","overlay-type":"","overlay-color":"","overlay-opacity":"","overlay-gradient":""},"mobile":{"background-color":"var(--ast-global-color-4)","background-image":"","background-repeat":"repeat","background-position":"center center","background-size":"auto","background-attachment":"scroll","background-type":"","background-media":"","overlay-type":"","overlay-color":"","overlay-opacity":"","overlay-gradient":""}},"footnotes":""},"class_list":["post-399","page","type-page","status-publish","hentry"],"_links":{"self":[{"href":"https:\/\/manorhouse.shop\/en\/wp-json\/wp\/v2\/pages\/399","targetHints":{"allow":["GET"]}}],"collection":[{"href":"https:\/\/manorhouse.shop\/en\/wp-json\/wp\/v2\/pages"}],"about":[{"href":"https:\/\/manorhouse.shop\/en\/wp-json\/wp\/v2\/types\/page"}],"author":[{"embeddable":true,"href":"https:\/\/manorhouse.shop\/en\/wp-json\/wp\/v2\/users\/1"}],"replies":[{"embeddable":true,"href":"https:\/\/manorhouse.shop\/en\/wp-json\/wp\/v2\/comments?post=399"}],"version-history":[{"count":151,"href":"https:\/\/manorhouse.shop\/en\/wp-json\/wp\/v2\/pages\/399\/revisions"}],"predecessor-version":[{"id":681,"href":"https:\/\/manorhouse.shop\/en\/wp-json\/wp\/v2\/pages\/399\/revisions\/681"}],"wp:attachment":[{"href":"https:\/\/manorhouse.shop\/en\/wp-json\/wp\/v2\/media?parent=399"}],"curies":[{"name":"wp","href":"https:\/\/api.w.org\/{rel}","templated":true}]}}